{"id":40,"date":"2019-03-08T19:33:30","date_gmt":"2019-03-08T19:33:30","guid":{"rendered":"http:\/\/larissarojas.net\/?page_id=40"},"modified":"2020-06-03T18:29:11","modified_gmt":"2020-06-03T18:29:11","slug":"estudios","status":"publish","type":"page","link":"https:\/\/larissarojas.net\/en\/biofilmografia\/estudios\/","title":{"rendered":"STUDIES"},"content":{"rendered":"<div data-elementor-type=\"wp-post\" data-elementor-id=\"40\" class=\"elementor elementor-40\" data-elementor-settings=\"[]\">\n\t\t\t\t\t\t<div class=\"elementor-inner\">\n\t\t\t\t\t\t\t<div class=\"elementor-section-wrap\">\n\t\t\t\t\t\t\t<section class=\"elementor-section elementor-top-section elementor-element elementor-element-6cab8d0 elementor-section-boxed elementor-section-height-default elementor-section-height-default\" data-id=\"6cab8d0\" data-element_type=\"section\">\n\t\t\t\t\t\t<div class=\"elementor-container elementor-column-gap-default\">\n\t\t\t\t\t\t\t<div class=\"elementor-row\">\n\t\t\t\t\t<div class=\"elementor-column elementor-col-33 elementor-top-column elementor-element elementor-element-f3ed274\" data-id=\"f3ed274\" data-element_type=\"column\">\n\t\t\t<div class=\"elementor-column-wrap elementor-element-populated\">\n\t\t\t\t\t\t\t<div class=\"elementor-widget-wrap\">\n\t\t\t\t\t\t<div class=\"elementor-element elementor-element-a5a49c7 elementor-widget elementor-widget-theme-site-logo elementor-widget-image\" data-id=\"a5a49c7\" data-element_type=\"widget\" data-widget_type=\"theme-site-logo.default\">\n\t\t\t\t<div class=\"elementor-widget-container\">\n\t\t\t\t\t<div class=\"elementor-image\">\n\t\t\t\t\t\t\t\t\t\t\t<a href=\"https:\/\/larissarojas.net\/en\/\">\n\t\t\t\t\t\t\t<img width=\"350\" height=\"70\" src=\"data:image\/gif;base64,R0lGODlhAQABAIAAAAAAAP\/\/\/yH5BAEAAAAALAAAAAABAAEAAAIBRAA7\" data-src=\"https:\/\/larissarojas.net\/wp-content\/uploads\/2019\/03\/Logo-Larissa-Rojas-Small-1-1.png\" class=\"attachment-full size-full lazyload\" alt=\"Larissa Rojas Filmmaker\" data-srcset=\"https:\/\/larissarojas.net\/wp-content\/uploads\/2019\/03\/Logo-Larissa-Rojas-Small-1-1.png 350w, https:\/\/larissarojas.net\/wp-content\/uploads\/2019\/03\/Logo-Larissa-Rojas-Small-1-1-300x60.png 300w\" sizes=\"(max-width: 350px) 100vw, 350px\" \/><noscript><img width=\"350\" height=\"70\" src=\"https:\/\/larissarojas.net\/wp-content\/uploads\/2019\/03\/Logo-Larissa-Rojas-Small-1-1.png\" class=\"attachment-full size-full lazyload\" alt=\"Larissa Rojas Filmmaker\" srcset=\"https:\/\/larissarojas.net\/wp-content\/uploads\/2019\/03\/Logo-Larissa-Rojas-Small-1-1.png 350w, https:\/\/larissarojas.net\/wp-content\/uploads\/2019\/03\/Logo-Larissa-Rojas-Small-1-1-300x60.png 300w\" sizes=\"(max-width: 350px) 100vw, 350px\" \/><\/noscript>\t\t\t\t\t\t\t\t<\/a>\n\t\t\t\t\t\t\t\t\t\t\t<\/div>\n\t\t\t\t<\/div>\n\t\t\t\t<\/div>\n\t\t\t\t\t\t<\/div>\n\t\t\t\t\t<\/div>\n\t\t<\/div>\n\t\t\t\t<div class=\"elementor-column elementor-col-66 elementor-top-column elementor-element elementor-element-548ee40\" data-id=\"548ee40\" data-element_type=\"column\">\n\t\t\t<div class=\"elementor-column-wrap elementor-element-populated\">\n\t\t\t\t\t\t\t<div class=\"elementor-widget-wrap\">\n\t\t\t\t\t\t<div class=\"elementor-element elementor-element-0e882df elementor-nav-menu--indicator-classic elementor-nav-menu--dropdown-tablet elementor-nav-menu__text-align-aside elementor-nav-menu--toggle elementor-nav-menu--burger elementor-widget elementor-widget-nav-menu\" data-id=\"0e882df\" data-element_type=\"widget\" data-settings=\"{&quot;layout&quot;:&quot;horizontal&quot;,&quot;toggle&quot;:&quot;burger&quot;}\" data-widget_type=\"nav-menu.default\">\n\t\t\t\t<div class=\"elementor-widget-container\">\n\t\t\t\t\t\t<nav role=\"navigation\" class=\"elementor-nav-menu--main elementor-nav-menu__container elementor-nav-menu--layout-horizontal e--pointer-underline e--animation-fade\"><ul id=\"menu-1-0e882df\" class=\"elementor-nav-menu\"><li class=\"menu-item menu-item-type-post_type menu-item-object-page menu-item-home menu-item-63\"><a href=\"https:\/\/larissarojas.net\/en\/\" class=\"elementor-item\">Home<\/a><\/li>\n<li class=\"menu-item menu-item-type-post_type menu-item-object-page menu-item-404\"><a href=\"https:\/\/larissarojas.net\/en\/videos\/\" class=\"elementor-item\">Videos<\/a><\/li>\n<li class=\"menu-item menu-item-type-post_type menu-item-object-page menu-item-60\"><a href=\"https:\/\/larissarojas.net\/en\/galeria\/\" class=\"elementor-item\">GALLERY<\/a><\/li>\n<li class=\"menu-item menu-item-type-post_type menu-item-object-page menu-item-has-children menu-item-57\"><a href=\"https:\/\/larissarojas.net\/en\/biofilmografia\/\" class=\"elementor-item\">BIOFILMOGRAPHY<\/a>\n<ul class=\"sub-menu elementor-nav-menu--dropdown\">\n\t<li class=\"menu-item menu-item-type-post_type menu-item-object-page menu-item-59\"><a href=\"https:\/\/larissarojas.net\/en\/biofilmografia\/estudios\/\" class=\"elementor-sub-item\">STUDIES<\/a><\/li>\n\t<li class=\"menu-item menu-item-type-post_type menu-item-object-page menu-item-58\"><a href=\"https:\/\/larissarojas.net\/en\/biofilmografia\/experiencia-laboral\/\" class=\"elementor-sub-item\">JOB EXPERIENCE<\/a><\/li>\n<\/ul>\n<\/li>\n<li class=\"menu-item menu-item-type-post_type menu-item-object-page menu-item-56\"><a href=\"https:\/\/larissarojas.net\/en\/contacto\/\" class=\"elementor-item\">CONTACT<\/a><\/li>\n<li class=\"trp-language-switcher-container menu-item menu-item-type-post_type menu-item-object-language_switcher menu-item-has-children menu-item-1040\"><a href=\"https:\/\/larissarojas.net\/en\/wp-json\/wp\/v2\/pages\/40\" class=\"elementor-item\"><span data-no-translation><img class=\"trp-flag-image lazyload\" src=\"data:image\/gif;base64,R0lGODlhAQABAIAAAAAAAP\/\/\/yH5BAEAAAAALAAAAAABAAEAAAIBRAA7\" data-src=\"https:\/\/larissarojas.net\/wp-content\/plugins\/translatepress-multilingual\/assets\/images\/flags\/en_US.png\" width=\"18\" height=\"12\" alt=\"en_US\" title=\"English\"><noscript><img class=\"trp-flag-image lazyload\" src=\"https:\/\/larissarojas.net\/wp-content\/plugins\/translatepress-multilingual\/assets\/images\/flags\/en_US.png\" width=\"18\" height=\"12\" alt=\"en_US\" title=\"English\"><\/noscript><span class=\"trp-ls-language-name\">EN<\/span><\/span><\/a>\n<ul class=\"sub-menu elementor-nav-menu--dropdown\">\n\t<li class=\"trp-language-switcher-container menu-item menu-item-type-post_type menu-item-object-language_switcher menu-item-1042\"><a href=\"https:\/\/larissarojas.net\/wp-json\/wp\/v2\/pages\/40\/\" class=\"elementor-sub-item elementor-item-anchor\"><span data-no-translation><img class=\"trp-flag-image lazyload\" src=\"data:image\/gif;base64,R0lGODlhAQABAIAAAAAAAP\/\/\/yH5BAEAAAAALAAAAAABAAEAAAIBRAA7\" data-src=\"https:\/\/larissarojas.net\/wp-content\/plugins\/translatepress-multilingual\/assets\/images\/flags\/es_MX.png\" width=\"18\" height=\"12\" alt=\"es_MX\" title=\"Espa\u00f1ol de M\u00e9xico\"><noscript><img class=\"trp-flag-image lazyload\" src=\"https:\/\/larissarojas.net\/wp-content\/plugins\/translatepress-multilingual\/assets\/images\/flags\/es_MX.png\" width=\"18\" height=\"12\" alt=\"es_MX\" title=\"Espa\u00f1ol de M\u00e9xico\"><\/noscript><span class=\"trp-ls-language-name\">ES<\/span><\/span><\/a><\/li>\n<\/ul>\n<\/li>\n<\/ul><\/nav>\n\t\t\t\t\t<div class=\"elementor-menu-toggle\" role=\"button\" tabindex=\"0\" aria-label=\"Menu Toggle\" aria-expanded=\"false\">\n\t\t\t<i class=\"eicon-menu-bar\" aria-hidden=\"true\"><\/i>\n\t\t\t<span class=\"elementor-screen-only\">Menu<\/span>\n\t\t<\/div>\n\t\t\t<nav class=\"elementor-nav-menu--dropdown elementor-nav-menu__container\" role=\"navigation\" aria-hidden=\"true\"><ul id=\"menu-2-0e882df\" class=\"elementor-nav-menu\"><li class=\"menu-item menu-item-type-post_type menu-item-object-page menu-item-home menu-item-63\"><a href=\"https:\/\/larissarojas.net\/en\/\" class=\"elementor-item\">Home<\/a><\/li>\n<li class=\"menu-item menu-item-type-post_type menu-item-object-page menu-item-404\"><a href=\"https:\/\/larissarojas.net\/en\/videos\/\" class=\"elementor-item\">Videos<\/a><\/li>\n<li class=\"menu-item menu-item-type-post_type menu-item-object-page menu-item-60\"><a href=\"https:\/\/larissarojas.net\/en\/galeria\/\" class=\"elementor-item\">GALLERY<\/a><\/li>\n<li class=\"menu-item menu-item-type-post_type menu-item-object-page menu-item-has-children menu-item-57\"><a href=\"https:\/\/larissarojas.net\/en\/biofilmografia\/\" class=\"elementor-item\">BIOFILMOGRAPHY<\/a>\n<ul class=\"sub-menu elementor-nav-menu--dropdown\">\n\t<li class=\"menu-item menu-item-type-post_type menu-item-object-page menu-item-59\"><a href=\"https:\/\/larissarojas.net\/en\/biofilmografia\/estudios\/\" class=\"elementor-sub-item\">STUDIES<\/a><\/li>\n\t<li class=\"menu-item menu-item-type-post_type menu-item-object-page menu-item-58\"><a href=\"https:\/\/larissarojas.net\/en\/biofilmografia\/experiencia-laboral\/\" class=\"elementor-sub-item\">JOB EXPERIENCE<\/a><\/li>\n<\/ul>\n<\/li>\n<li class=\"menu-item menu-item-type-post_type menu-item-object-page menu-item-56\"><a href=\"https:\/\/larissarojas.net\/en\/contacto\/\" class=\"elementor-item\">CONTACT<\/a><\/li>\n<li class=\"trp-language-switcher-container menu-item menu-item-type-post_type menu-item-object-language_switcher menu-item-has-children menu-item-1040\"><a href=\"https:\/\/larissarojas.net\/en\/wp-json\/wp\/v2\/pages\/40\" class=\"elementor-item\"><span data-no-translation><img class=\"trp-flag-image lazyload\" src=\"data:image\/gif;base64,R0lGODlhAQABAIAAAAAAAP\/\/\/yH5BAEAAAAALAAAAAABAAEAAAIBRAA7\" data-src=\"https:\/\/larissarojas.net\/wp-content\/plugins\/translatepress-multilingual\/assets\/images\/flags\/en_US.png\" width=\"18\" height=\"12\" alt=\"en_US\" title=\"English\"><noscript><img class=\"trp-flag-image lazyload\" src=\"https:\/\/larissarojas.net\/wp-content\/plugins\/translatepress-multilingual\/assets\/images\/flags\/en_US.png\" width=\"18\" height=\"12\" alt=\"en_US\" title=\"English\"><\/noscript><span class=\"trp-ls-language-name\">EN<\/span><\/span><\/a>\n<ul class=\"sub-menu elementor-nav-menu--dropdown\">\n\t<li class=\"trp-language-switcher-container menu-item menu-item-type-post_type menu-item-object-language_switcher menu-item-1042\"><a href=\"https:\/\/larissarojas.net\/wp-json\/wp\/v2\/pages\/40\/\" class=\"elementor-sub-item elementor-item-anchor\"><span data-no-translation><img class=\"trp-flag-image lazyload\" src=\"data:image\/gif;base64,R0lGODlhAQABAIAAAAAAAP\/\/\/yH5BAEAAAAALAAAAAABAAEAAAIBRAA7\" data-src=\"https:\/\/larissarojas.net\/wp-content\/plugins\/translatepress-multilingual\/assets\/images\/flags\/es_MX.png\" width=\"18\" height=\"12\" alt=\"es_MX\" title=\"Espa\u00f1ol de M\u00e9xico\"><noscript><img class=\"trp-flag-image lazyload\" src=\"https:\/\/larissarojas.net\/wp-content\/plugins\/translatepress-multilingual\/assets\/images\/flags\/es_MX.png\" width=\"18\" height=\"12\" alt=\"es_MX\" title=\"Espa\u00f1ol de M\u00e9xico\"><\/noscript><span class=\"trp-ls-language-name\">ES<\/span><\/span><\/a><\/li>\n<\/ul>\n<\/li>\n<\/ul><\/nav>\n\t\t\t\t<\/div>\n\t\t\t\t<\/div>\n\t\t\t\t\t\t<\/div>\n\t\t\t\t\t<\/div>\n\t\t<\/div>\n\t\t\t\t\t\t\t\t<\/div>\n\t\t\t\t\t<\/div>\n\t\t<\/section>\n\t\t\t\t<section class=\"elementor-section elementor-inner-section elementor-element elementor-element-7c08f25 elementor-section-boxed elementor-section-height-default elementor-section-height-default\" data-id=\"7c08f25\" data-element_type=\"section\">\n\t\t\t\t\t\t<div class=\"elementor-container elementor-column-gap-no\">\n\t\t\t\t\t\t\t<div class=\"elementor-row\">\n\t\t\t\t\t<div class=\"elementor-column elementor-col-100 elementor-inner-column elementor-element elementor-element-3107129\" data-id=\"3107129\" data-element_type=\"column\">\n\t\t\t<div class=\"elementor-column-wrap elementor-element-populated\">\n\t\t\t\t\t\t\t<div class=\"elementor-widget-wrap\">\n\t\t\t\t\t\t<div class=\"elementor-element elementor-element-15b2bb2 elementor-widget elementor-widget-spacer\" data-id=\"15b2bb2\" data-element_type=\"widget\" data-widget_type=\"spacer.default\">\n\t\t\t\t<div class=\"elementor-widget-container\">\n\t\t\t\t\t<div class=\"elementor-spacer\">\n\t\t\t<div class=\"elementor-spacer-inner\"><\/div>\n\t\t<\/div>\n\t\t\t\t<\/div>\n\t\t\t\t<\/div>\n\t\t\t\t<div class=\"elementor-element elementor-element-42d1664 elementor-widget elementor-widget-heading\" data-id=\"42d1664\" data-element_type=\"widget\" data-widget_type=\"heading.default\">\n\t\t\t\t<div class=\"elementor-widget-container\">\n\t\t\t<h1 class=\"elementor-heading-title elementor-size-default\">STUDIES<\/h1>\t\t<\/div>\n\t\t\t\t<\/div>\n\t\t\t\t<div class=\"elementor-element elementor-element-33d3fa9 elementor-widget-divider--view-line elementor-widget elementor-widget-divider\" data-id=\"33d3fa9\" data-element_type=\"widget\" data-widget_type=\"divider.default\">\n\t\t\t\t<div class=\"elementor-widget-container\">\n\t\t\t\t\t<div class=\"elementor-divider\">\n\t\t\t<span class=\"elementor-divider-separator\">\n\t\t\t\t\t\t<\/span>\n\t\t<\/div>\n\t\t\t\t<\/div>\n\t\t\t\t<\/div>\n\t\t\t\t<div class=\"elementor-element elementor-element-a4dc03d elementor-widget elementor-widget-image\" data-id=\"a4dc03d\" data-element_type=\"widget\" data-widget_type=\"image.default\">\n\t\t\t\t<div class=\"elementor-widget-container\">\n\t\t\t\t\t<div class=\"elementor-image\">\n\t\t\t\t\t\t\t\t\t\t<img width=\"768\" height=\"431\" src=\"data:image\/gif;base64,R0lGODlhAQABAIAAAAAAAP\/\/\/yH5BAEAAAAALAAAAAABAAEAAAIBRAA7\" data-src=\"https:\/\/larissarojas.net\/wp-content\/uploads\/2019\/06\/Estudios-768x431.jpg\" class=\"attachment-medium_large size-medium_large lazyload\" alt=\"\" data-srcset=\"https:\/\/larissarojas.net\/wp-content\/uploads\/2019\/06\/Estudios-768x431.jpg 768w, https:\/\/larissarojas.net\/wp-content\/uploads\/2019\/06\/Estudios-300x168.jpg 300w, https:\/\/larissarojas.net\/wp-content\/uploads\/2019\/06\/Estudios.jpg 900w\" sizes=\"(max-width: 768px) 100vw, 768px\" \/><noscript><img width=\"768\" height=\"431\" src=\"https:\/\/larissarojas.net\/wp-content\/uploads\/2019\/06\/Estudios-768x431.jpg\" class=\"attachment-medium_large size-medium_large lazyload\" alt=\"\" srcset=\"https:\/\/larissarojas.net\/wp-content\/uploads\/2019\/06\/Estudios-768x431.jpg 768w, https:\/\/larissarojas.net\/wp-content\/uploads\/2019\/06\/Estudios-300x168.jpg 300w, https:\/\/larissarojas.net\/wp-content\/uploads\/2019\/06\/Estudios.jpg 900w\" sizes=\"(max-width: 768px) 100vw, 768px\" \/><\/noscript>\t\t\t\t\t\t\t\t\t\t\t<\/div>\n\t\t\t\t<\/div>\n\t\t\t\t<\/div>\n\t\t\t\t<div class=\"elementor-element elementor-element-2270f80 elementor-widget elementor-widget-text-editor\" data-id=\"2270f80\" data-element_type=\"widget\" data-widget_type=\"text-editor.default\">\n\t\t\t\t<div class=\"elementor-widget-container\">\n\t\t\t\t\t<div class=\"elementor-text-editor elementor-clearfix\"><p>Course \u201cCine Expandido\u201d at the Technologies Laboratory El Rule, 2019.<\/p><p>Master Class with Werner Herzog in La Habana, Cuba, 2017.<\/p><p>Animation course with Amy Logheart at the Cultural Center Spain, Mexico. 2015.<\/p><p><span class=\"s1\">Ryodoraku Acupuncture at the Chapingo University conducted by Roci\u0301o Santamaria Bernal direct disciple of <a href=\"https:\/\/es.wikipedia.org\/wiki\/Ejo_Takata\" target=\"_blank\" rel=\"noopener\">Ejo Takata<\/a>.<\/span><\/p><p>Cinematography degree 1998-2003 at the University Center of Film Studies from the UNAM.<\/p><p>During the second year I filmed the short-film <a href=\"http:\/\/larissarojas.net\/videos\/\" target=\"_blank\" rel=\"noopener\">D\u00e9j\u00e0-vu<\/a>.<\/p><p>During the third year I photographed the documentary film <a href=\"http:\/\/larissarojas.net\/videos\/\" target=\"_blank\" rel=\"noopener\">Domando fuego<\/a> from Enrique Ojeda.<\/p><p>I photographed 2 theses, at the end of the degree, <a href=\"http:\/\/larissarojas.net\/videos\/\" target=\"_blank\" rel=\"noopener\">Aki<\/a> a fiction from Fernando Perez; and <a href=\"http:\/\/larissarojas.net\/videos\/\" target=\"_blank\" rel=\"noopener\">Los rieles con alma<\/a> a documentary from Nerransula Reyes.<\/p><p>Film Diploma course at the Center of Audiovisual Studies 1997; Professors: Paz Alicia Garcia Diego, Garcia Agraz brothers, master classes with Felipe Cazals, Ignacio Ortiz, among others.<\/p><p>Photography Mexico\u2019s Club A.C. 1996 (advanced course granted as part of the 1st place award in the contest: \u201cHow young people see the city at night\u201d sponsored by the Cuauhtemoc delegation).<\/p><p>Actors\u2019 direction for cinema in Actores del Metodo, 1996.<\/p><p>Diploma course on Analog Photography at the Colegio Americano, 1994.<\/p><p>From 1992-1996 several courses about films and image at the Image Center, Carrillo Gil Museum, San Angel Cultural Center.<\/p><\/div>\n\t\t\t\t<\/div>\n\t\t\t\t<\/div>\n\t\t\t\t\t\t<\/div>\n\t\t\t\t\t<\/div>\n\t\t<\/div>\n\t\t\t\t\t\t\t\t<\/div>\n\t\t\t\t\t<\/div>\n\t\t<\/section>\n\t\t\t\t<section class=\"elementor-section elementor-top-section elementor-element elementor-element-67df6a0 elementor-section-boxed elementor-section-height-default elementor-section-height-default\" data-id=\"67df6a0\" data-element_type=\"section\">\n\t\t\t\t\t\t<div class=\"elementor-container elementor-column-gap-default\">\n\t\t\t\t\t\t\t<div class=\"elementor-row\">\n\t\t\t\t\t<div class=\"elementor-column elementor-col-100 elementor-top-column elementor-element elementor-element-7589985\" data-id=\"7589985\" data-element_type=\"column\">\n\t\t\t<div class=\"elementor-column-wrap elementor-element-populated\">\n\t\t\t\t\t\t\t<div class=\"elementor-widget-wrap\">\n\t\t\t\t\t\t<div class=\"elementor-element elementor-element-7a2872d elementor-widget-divider--view-line elementor-widget elementor-widget-global elementor-global-1296 elementor-widget-divider\" data-id=\"7a2872d\" data-element_type=\"widget\" data-widget_type=\"divider.default\">\n\t\t\t\t<div class=\"elementor-widget-container\">\n\t\t\t\t\t<div class=\"elementor-divider\">\n\t\t\t<span class=\"elementor-divider-separator\">\n\t\t\t\t\t\t<\/span>\n\t\t<\/div>\n\t\t\t\t<\/div>\n\t\t\t\t<\/div>\n\t\t\t\t\t\t<\/div>\n\t\t\t\t\t<\/div>\n\t\t<\/div>\n\t\t\t\t\t\t\t\t<\/div>\n\t\t\t\t\t<\/div>\n\t\t<\/section>\n\t\t\t\t<section class=\"elementor-section elementor-top-section elementor-element elementor-element-1f88dbf0 elementor-section-boxed elementor-section-height-default elementor-section-height-default\" data-id=\"1f88dbf0\" data-element_type=\"section\">\n\t\t\t\t\t\t<div class=\"elementor-container elementor-column-gap-default\">\n\t\t\t\t\t\t\t<div class=\"elementor-row\">\n\t\t\t\t\t<div class=\"elementor-column elementor-col-50 elementor-top-column elementor-element elementor-element-6054c3ab\" data-id=\"6054c3ab\" data-element_type=\"column\">\n\t\t\t<div class=\"elementor-column-wrap elementor-element-populated\">\n\t\t\t\t\t\t\t<div class=\"elementor-widget-wrap\">\n\t\t\t\t\t\t<div class=\"elementor-element elementor-element-4a8f3fd9 elementor-widget elementor-widget-heading\" data-id=\"4a8f3fd9\" data-element_type=\"widget\" data-widget_type=\"heading.default\">\n\t\t\t\t<div class=\"elementor-widget-container\">\n\t\t\t<p class=\"elementor-heading-title elementor-size-default\">All Rights Reserved \u00a9 2020 Larissa Rojas<\/p>\t\t<\/div>\n\t\t\t\t<\/div>\n\t\t\t\t\t\t<\/div>\n\t\t\t\t\t<\/div>\n\t\t<\/div>\n\t\t\t\t<div class=\"elementor-column elementor-col-50 elementor-top-column elementor-element elementor-element-9505b2a\" data-id=\"9505b2a\" data-element_type=\"column\">\n\t\t\t<div class=\"elementor-column-wrap elementor-element-populated\">\n\t\t\t\t\t\t\t<div class=\"elementor-widget-wrap\">\n\t\t\t\t\t\t<div class=\"elementor-element elementor-element-1e49acf9 elementor-widget elementor-widget-heading\" data-id=\"1e49acf9\" data-element_type=\"widget\" data-widget_type=\"heading.default\">\n\t\t\t\t<div class=\"elementor-widget-container\">\n\t\t\t<h4 class=\"elementor-heading-title elementor-size-default\"><a href=\"https:\/\/hajimespinosa.com\" target=\"_blank\" rel=\"nofollow\">| Web Design by hajimespinosa.com<\/a><\/h4>\t\t<\/div>\n\t\t\t\t<\/div>\n\t\t\t\t\t\t<\/div>\n\t\t\t\t\t<\/div>\n\t\t<\/div>\n\t\t\t\t\t\t\t\t<\/div>\n\t\t\t\t\t<\/div>\n\t\t<\/section>\n\t\t\t\t\t\t<\/div>\n\t\t\t\t\t\t<\/div>\n\t\t\t\t\t<\/div>","protected":false},"excerpt":{"rendered":"<p>estudios Curso \u201ccine expandido\u201d en el Laboratorio de Tecnolog\u00edas el Rule, 2019. Clase magistral con Werner Herzog en la Habana, Cuba 2017. Curso de animaci\u00f3n con Amy Logheart en el Centro Cultural Espa\u00f1a 2015. 2010-2012 Acupuntura Ryodoraku en la Universidad de Chapingo, impartida por Roc\u00edo Santamar\u00eda Bernal, disc\u00edpula directa de Ejo Takata. Carrera de Cinematograf\u00eda [&hellip;]<\/p>","protected":false},"author":1,"featured_media":0,"parent":38,"menu_order":0,"comment_status":"closed","ping_status":"closed","template":"elementor_canvas","meta":[],"yoast_head":"<!-- This site is optimized with the Yoast SEO plugin v15.2 - https:\/\/yoast.com\/wordpress\/plugins\/seo\/ -->\n<title>Estudios - Larissa Rojas Filmmaker<\/title>\n<meta name=\"robots\" content=\"index, follow, max-snippet:-1, max-image-preview:large, max-video-preview:-1\" \/>\n<link rel=\"canonical\" href=\"https:\/\/larissarojas.net\/en\/biofilmografia\/estudios\/\" \/>\n<meta property=\"og:locale\" content=\"en_US\" \/>\n<meta property=\"og:type\" content=\"article\" \/>\n<meta property=\"og:title\" content=\"Estudios - Larissa Rojas Filmmaker\" \/>\n<meta property=\"og:description\" content=\"estudios Curso \u201ccine expandido\u201d en el Laboratorio de Tecnolog\u00edas el Rule, 2019. Clase magistral con Werner Herzog en la Habana, Cuba 2017. Curso de animaci\u00f3n con Amy Logheart en el Centro Cultural Espa\u00f1a 2015. 2010-2012 Acupuntura Ryodoraku en la Universidad de Chapingo, impartida por Roc\u00edo Santamar\u00eda Bernal, disc\u00edpula directa de Ejo Takata. Carrera de Cinematograf\u00eda [&hellip;]\" \/>\n<meta property=\"og:url\" content=\"https:\/\/larissarojas.net\/en\/biofilmografia\/estudios\/\" \/>\n<meta property=\"og:site_name\" content=\"Larissa Rojas Filmmaker\" \/>\n<meta property=\"article:publisher\" content=\"https:\/\/www.facebook.com\/larissa.rojas\" \/>\n<meta property=\"article:modified_time\" content=\"2020-06-03T18:29:11+00:00\" \/>\n<meta property=\"og:image\" content=\"http:\/\/larissarojas.net\/wp-content\/uploads\/2019\/06\/Estudios-768x431.jpg\" \/>\n<meta name=\"twitter:card\" content=\"summary_large_image\" \/>\n<meta name=\"twitter:label1\" value=\"Written by\">\n\t<meta name=\"twitter:data1\" value=\"LarissaRojas\">\n\t<meta name=\"twitter:label2\" value=\"Est. reading time\">\n\t<meta name=\"twitter:data2\" value=\"1 minute\">\n<script type=\"application\/ld+json\" class=\"yoast-schema-graph\">{\"@context\":\"https:\/\/schema.org\",\"@graph\":[{\"@type\":\"WebSite\",\"@id\":\"http:\/\/larissarojas.net\/#website\",\"url\":\"http:\/\/larissarojas.net\/\",\"name\":\"Larissa Rojas Filmmaker\",\"description\":\"Sitio web de Larissa Rojas, filmmaker\",\"potentialAction\":[{\"@type\":\"SearchAction\",\"target\":\"http:\/\/larissarojas.net\/?s={search_term_string}\",\"query-input\":\"required name=search_term_string\"}],\"inLanguage\":\"en-US\"},{\"@type\":\"ImageObject\",\"@id\":\"https:\/\/larissarojas.net\/biofilmografia\/estudios\/#primaryimage\",\"inLanguage\":\"en-US\",\"url\":\"http:\/\/larissarojas.net\/wp-content\/uploads\/2019\/06\/Estudios-768x431.jpg\"},{\"@type\":\"WebPage\",\"@id\":\"https:\/\/larissarojas.net\/biofilmografia\/estudios\/#webpage\",\"url\":\"https:\/\/larissarojas.net\/biofilmografia\/estudios\/\",\"name\":\"Estudios - Larissa Rojas Filmmaker\",\"isPartOf\":{\"@id\":\"http:\/\/larissarojas.net\/#website\"},\"primaryImageOfPage\":{\"@id\":\"https:\/\/larissarojas.net\/biofilmografia\/estudios\/#primaryimage\"},\"datePublished\":\"2019-03-08T19:33:30+00:00\",\"dateModified\":\"2020-06-03T18:29:11+00:00\",\"inLanguage\":\"en-US\",\"potentialAction\":[{\"@type\":\"ReadAction\",\"target\":[\"https:\/\/larissarojas.net\/biofilmografia\/estudios\/\"]}]}]}<\/script>\n<!-- \/ Yoast SEO plugin. -->","_links":{"self":[{"href":"https:\/\/larissarojas.net\/en\/wp-json\/wp\/v2\/pages\/40"}],"collection":[{"href":"https:\/\/larissarojas.net\/en\/wp-json\/wp\/v2\/pages"}],"about":[{"href":"https:\/\/larissarojas.net\/en\/wp-json\/wp\/v2\/types\/page"}],"author":[{"embeddable":true,"href":"https:\/\/larissarojas.net\/en\/wp-json\/wp\/v2\/users\/1"}],"replies":[{"embeddable":true,"href":"https:\/\/larissarojas.net\/en\/wp-json\/wp\/v2\/comments?post=40"}],"version-history":[{"count":40,"href":"https:\/\/larissarojas.net\/en\/wp-json\/wp\/v2\/pages\/40\/revisions"}],"predecessor-version":[{"id":1308,"href":"https:\/\/larissarojas.net\/en\/wp-json\/wp\/v2\/pages\/40\/revisions\/1308"}],"up":[{"embeddable":true,"href":"https:\/\/larissarojas.net\/en\/wp-json\/wp\/v2\/pages\/38"}],"wp:attachment":[{"href":"https:\/\/larissarojas.net\/en\/wp-json\/wp\/v2\/media?parent=40"}],"curies":[{"name":"wp","href":"https:\/\/api.w.org\/{rel}","templated":true}]}}